{"id":23,"date":"2017-09-13T21:08:38","date_gmt":"2017-09-13T21:08:38","guid":{"rendered":"http:\/\/edumolina.es\/?page_id=23"},"modified":"2025-04-20T09:45:40","modified_gmt":"2025-04-20T09:45:40","slug":"contacto","status":"publish","type":"page","link":"https:\/\/edumolina.es\/?page_id=23","title":{"rendered":"CONTACTO"},"content":{"rendered":"\n<p>Puedes ponerte en contacto conmigo a trav\u00e9s del e-mail: coaching@edumolina.es<\/p>\n\n\n\n<p>Puedes conocer m\u00e1s de m\u00ed a trav\u00e9s de Linkedin:\u00a0https:\/\/www.linkedin.com\/in\/eduardo-molina-bosquet-73701057\/<\/p>\n\n\n\n<figure class=\"wp-block-image size-full is-resized\"><img loading=\"lazy\" decoding=\"async\" width=\"624\" height=\"412\" src=\"https:\/\/edumolina.es\/wp-content\/uploads\/2025\/04\/tarjetedu-anv-1-624x412-1.jpg\" alt=\"\" class=\"wp-image-260\" style=\"width:306px;height:auto\" srcset=\"https:\/\/edumolina.es\/wp-content\/uploads\/2025\/04\/tarjetedu-anv-1-624x412-1.jpg 624w, https:\/\/edumolina.es\/wp-content\/uploads\/2025\/04\/tarjetedu-anv-1-624x412-1-300x198.jpg 300w\" sizes=\"(max-width: 624px) 100vw, 624px\" \/><\/figure>\n\n\n\n<figure class=\"wp-block-image size-full is-resized\"><img loading=\"lazy\" decoding=\"async\" width=\"624\" height=\"412\" src=\"https:\/\/edumolina.es\/wp-content\/uploads\/2025\/04\/tarjeta-edu-rev-1-624x412-1.jpg\" alt=\"\" class=\"wp-image-261\" style=\"width:309px;height:auto\" srcset=\"https:\/\/edumolina.es\/wp-content\/uploads\/2025\/04\/tarjeta-edu-rev-1-624x412-1.jpg 624w, https:\/\/edumolina.es\/wp-content\/uploads\/2025\/04\/tarjeta-edu-rev-1-624x412-1-300x198.jpg 300w\" sizes=\"(max-width: 624px) 100vw, 624px\" \/><\/figure>\n","protected":false},"excerpt":{"rendered":"<p>Puedes ponerte en contacto conmigo a trav\u00e9s del e-mail: coaching@edumolina.es Puedes conocer m\u00e1s de m\u00ed a trav\u00e9s de Linkedin:\u00a0https:\/\/www.linkedin.com\/in\/eduardo-molina-bosquet-73701057\/<\/p>\n","protected":false},"author":1,"featured_media":0,"parent":0,"menu_order":6,"comment_status":"closed","ping_status":"closed","template":"","meta":{"footnotes":""},"_links":{"self":[{"href":"https:\/\/edumolina.es\/index.php?rest_route=\/wp\/v2\/pages\/23"}],"collection":[{"href":"https:\/\/edumolina.es\/index.php?rest_route=\/wp\/v2\/pages"}],"about":[{"href":"https:\/\/edumolina.es\/index.php?rest_route=\/wp\/v2\/types\/page"}],"author":[{"embeddable":true,"href":"https:\/\/edumolina.es\/index.php?rest_route=\/wp\/v2\/users\/1"}],"replies":[{"embeddable":true,"href":"https:\/\/edumolina.es\/index.php?rest_route=%2Fwp%2Fv2%2Fcomments&post=23"}],"version-history":[{"count":8,"href":"https:\/\/edumolina.es\/index.php?rest_route=\/wp\/v2\/pages\/23\/revisions"}],"predecessor-version":[{"id":262,"href":"https:\/\/edumolina.es\/index.php?rest_route=\/wp\/v2\/pages\/23\/revisions\/262"}],"wp:attachment":[{"href":"https:\/\/edumolina.es\/index.php?rest_route=%2Fwp%2Fv2%2Fmedia&parent=23"}],"curies":[{"name":"wp","href":"https:\/\/api.w.org\/{rel}","templated":true}]}}