{"id":21,"date":"2017-09-13T21:01:29","date_gmt":"2017-09-13T21:01:29","guid":{"rendered":"http:\/\/edumolina.es\/?page_id=21"},"modified":"2021-08-21T09:35:19","modified_gmt":"2021-08-21T09:35:19","slug":"edu-molina","status":"publish","type":"page","link":"https:\/\/edumolina.es\/?page_id=21","title":{"rendered":"Edu Molina"},"content":{"rendered":"<p style=\"text-align: left;\"><img loading=\"lazy\" decoding=\"async\" class=\"alignright wp-image-139 size-full\" src=\"http:\/\/edumolina.es\/wp-content\/uploads\/2021\/08\/EDU-2021.jpg\" alt=\"\" width=\"240\" height=\"259\" \/><\/p>\n<p style=\"text-align: left;\">Soy conexi\u00f3n entre personas, entre recursos, orientado a despertar capacidades y generar sinergias.<\/p>\n<p style=\"text-align: left;\">Me apasiona facilitar procesos de aprendizaje, crecimiento personal y profesional.<\/p>\n<p style=\"text-align: left;\">Desde 2004 resido en Sevilla, trabajo para la Junta de Andaluc\u00eda como ingeniero agr\u00f3nomo y colaboro con el Instituto Andaluz de Administraci\u00f3n P\u00fablica coordinando y facilitando espacios de aprendizaje.<\/p>\n<p style=\"text-align: left;\">Tengo una visi\u00f3n hol\u00edstica e integradora del mundo y canalizo mi vocaci\u00f3n de servicio a trav\u00e9s del trabajo como empleado p\u00fablico y a t\u00edtulo particular facilitando espacios de aprendizaje personal y grupal:<\/p>\n<ul>\n<li style=\"text-align: left;\">Pr\u00e1ctica de Mindfulness<\/li>\n<li style=\"text-align: left;\">Procesos de coaching personal\/ejecutivo.<\/li>\n<li style=\"text-align: left;\">Sesiones de Reiki Usui presenciales y a distancia.<\/li>\n<li style=\"text-align: left;\">Espacios de aprendizaje cooperativo: Trabajo en equipo e Inteligencia emocional.<\/li>\n<\/ul>\n","protected":false},"excerpt":{"rendered":"<p>Soy conexi\u00f3n entre personas, entre recursos, orientado a despertar capacidades y generar sinergias. Me apasiona facilitar procesos de aprendizaje, crecimiento personal y profesional. Desde 2004 resido en Sevilla, trabajo para la Junta de Andaluc\u00eda como ingeniero agr\u00f3nomo y colaboro con el Instituto Andaluz de Administraci\u00f3n P\u00fablica coordinando y facilitando espacios de aprendizaje. Tengo una visi\u00f3n [&hellip;]<\/p>\n","protected":false},"author":1,"featured_media":0,"parent":0,"menu_order":5,"comment_status":"closed","ping_status":"closed","template":"","meta":{"footnotes":""},"_links":{"self":[{"href":"https:\/\/edumolina.es\/index.php?rest_route=\/wp\/v2\/pages\/21"}],"collection":[{"href":"https:\/\/edumolina.es\/index.php?rest_route=\/wp\/v2\/pages"}],"about":[{"href":"https:\/\/edumolina.es\/index.php?rest_route=\/wp\/v2\/types\/page"}],"author":[{"embeddable":true,"href":"https:\/\/edumolina.es\/index.php?rest_route=\/wp\/v2\/users\/1"}],"replies":[{"embeddable":true,"href":"https:\/\/edumolina.es\/index.php?rest_route=%2Fwp%2Fv2%2Fcomments&post=21"}],"version-history":[{"count":6,"href":"https:\/\/edumolina.es\/index.php?rest_route=\/wp\/v2\/pages\/21\/revisions"}],"predecessor-version":[{"id":141,"href":"https:\/\/edumolina.es\/index.php?rest_route=\/wp\/v2\/pages\/21\/revisions\/141"}],"wp:attachment":[{"href":"https:\/\/edumolina.es\/index.php?rest_route=%2Fwp%2Fv2%2Fmedia&parent=21"}],"curies":[{"name":"wp","href":"https:\/\/api.w.org\/{rel}","templated":true}]}}