{"id":2,"date":"2016-05-10T03:48:21","date_gmt":"2016-05-10T03:48:21","guid":{"rendered":"http:\/\/edumolina.es\/?page_id=2"},"modified":"2025-04-20T09:56:37","modified_gmt":"2025-04-20T09:56:37","slug":"sample-page","status":"publish","type":"page","link":"https:\/\/edumolina.es\/?page_id=2","title":{"rendered":"eSpacio conscienTe"},"content":{"rendered":"\n<p>e<strong><strong>SPA<\/strong><\/strong>cio conscien<strong>T<\/strong>e&nbsp;es un lugar que invita a la toma de consciencia y a la acci\u00f3n desde el cuidado personal.<\/p>\n\n\n\n<p>En este portal podr\u00e1s encontrar:<\/p>\n\n\n\n<p>algunas<strong>&nbsp;preguntas<\/strong>.<\/p>\n\n\n\n<p><strong>material<\/strong>&nbsp;para la reflexi\u00f3n personal.<\/p>\n\n\n\n<p><strong>documentos de apoyo<\/strong>\u00a0para conseguir prop\u00f3sitos personales y de equipo.<\/p>\n\n\n\n<p>\u00bfEst\u00e1s buscando un coach para apoyarte en tu proceso personal? &nbsp;\u00bfCrees que podemos colaborar o crear sinergias en torno a &nbsp;espacios de aprendizaje y salud? \u00a1Encantado de explorar esa posibilidad contigo!<\/p>\n","protected":false},"excerpt":{"rendered":"<p>eSPAcio conscienTe&nbsp;es un lugar que invita a la toma de consciencia y a la acci\u00f3n desde el cuidado personal. En este portal podr\u00e1s encontrar: algunas&nbsp;preguntas. material&nbsp;para la reflexi\u00f3n personal. documentos de apoyo\u00a0para conseguir prop\u00f3sitos personales y de equipo. \u00bfEst\u00e1s buscando un coach para apoyarte en tu proceso personal? &nbsp;\u00bfCrees que podemos colaborar o crear sinergias [&hellip;]<\/p>\n","protected":false},"author":1,"featured_media":0,"parent":0,"menu_order":1,"comment_status":"closed","ping_status":"closed","template":"","meta":{"footnotes":""},"_links":{"self":[{"href":"https:\/\/edumolina.es\/index.php?rest_route=\/wp\/v2\/pages\/2"}],"collection":[{"href":"https:\/\/edumolina.es\/index.php?rest_route=\/wp\/v2\/pages"}],"about":[{"href":"https:\/\/edumolina.es\/index.php?rest_route=\/wp\/v2\/types\/page"}],"author":[{"embeddable":true,"href":"https:\/\/edumolina.es\/index.php?rest_route=\/wp\/v2\/users\/1"}],"replies":[{"embeddable":true,"href":"https:\/\/edumolina.es\/index.php?rest_route=%2Fwp%2Fv2%2Fcomments&post=2"}],"version-history":[{"count":7,"href":"https:\/\/edumolina.es\/index.php?rest_route=\/wp\/v2\/pages\/2\/revisions"}],"predecessor-version":[{"id":268,"href":"https:\/\/edumolina.es\/index.php?rest_route=\/wp\/v2\/pages\/2\/revisions\/268"}],"wp:attachment":[{"href":"https:\/\/edumolina.es\/index.php?rest_route=%2Fwp%2Fv2%2Fmedia&parent=2"}],"curies":[{"name":"wp","href":"https:\/\/api.w.org\/{rel}","templated":true}]}}