{"id":126,"date":"2020-03-22T08:59:27","date_gmt":"2020-03-22T08:59:27","guid":{"rendered":"http:\/\/edumolina.es\/?page_id=126"},"modified":"2020-11-08T09:40:29","modified_gmt":"2020-11-08T09:40:29","slug":"mequedoencasa","status":"publish","type":"page","link":"https:\/\/edumolina.es\/?page_id=126","title":{"rendered":"#mequedoencasa"},"content":{"rendered":"<p align=\"justify\">En este eSpacio \u00ab#mequedoencasa\u00bb simplemente pretendo ofrecer de una forma reposada esas propuestas que han llegado a m\u00ed en los \u00faltimos d\u00edas a trav\u00e9s de redes sociales. Un eSpacio inspirado en la generosidad del ser humano, amplificada en los momentos de dificultad.<\/p>\n<p align=\"justify\">Es probable que con el tiempo algunos de los enlaces que ofrezco en este eSpacio queden obsoletos, en la medida que as\u00ed suceda, y sea consciente de ello, procurar\u00e9 actualizar los contenidos para ello cuento con tu apoyo.<\/p>\n<p>Para leer:<\/p>\n<p>Libros que invitan a la reflexi\u00f3n:\u00a0http:\/\/datelobueno.com\/libros-para-descargar\/\u00a0 \u00a0Desde su blog \u00abdate lo bueno\u00bb Jordi Casals nos ofrece este espacio privilegiado para asomarnos a las reflexiones de algun@s maestr@s espirituales. (En general el Blog de Jordi me parece una propuesta muy interesante)<\/p>\n<p>Para jugar en familia:<\/p>\n<p>https:\/\/www.orientacionandujar.es\/wp-content\/uploads\/2020\/04\/PARTY-YOGA-UN-JUEGO-PARA-TODA-LA-FAMILIA.pdf\u00a0 Una interesante propuesta de Gin\u00e9s y Maribel desde su espacio web, en el que podemos encontrar muchos otros recursos educativos en esta web como un \u00abbanco de actividades\u00bb.<\/p>\n<p>Opciones en cuarentena 2020:<\/p>\n<p>https:\/\/biblioteca.raspeig.es\/wp-content\/uploads\/2020\/03\/Opciones-en-Cuarentena-2020.pdf\u00a0 Una recopilaci\u00f3n muy completa y estimulante de David Chumpitaz para tiempos de confinamiento (m\u00fasica, deportes, visitas a museos, juegos, lectura&#8230;.)<\/p>\n<p>&nbsp;<\/p>\n","protected":false},"excerpt":{"rendered":"<p>En este eSpacio \u00ab#mequedoencasa\u00bb simplemente pretendo ofrecer de una forma reposada esas propuestas que han llegado a m\u00ed en los \u00faltimos d\u00edas a trav\u00e9s de redes sociales. Un eSpacio inspirado en la generosidad del ser humano, amplificada en los momentos de dificultad. Es probable que con el tiempo algunos de los enlaces que ofrezco en [&hellip;]<\/p>\n","protected":false},"author":1,"featured_media":0,"parent":0,"menu_order":0,"comment_status":"closed","ping_status":"closed","template":"","meta":{"footnotes":""},"_links":{"self":[{"href":"https:\/\/edumolina.es\/index.php?rest_route=\/wp\/v2\/pages\/126"}],"collection":[{"href":"https:\/\/edumolina.es\/index.php?rest_route=\/wp\/v2\/pages"}],"about":[{"href":"https:\/\/edumolina.es\/index.php?rest_route=\/wp\/v2\/types\/page"}],"author":[{"embeddable":true,"href":"https:\/\/edumolina.es\/index.php?rest_route=\/wp\/v2\/users\/1"}],"replies":[{"embeddable":true,"href":"https:\/\/edumolina.es\/index.php?rest_route=%2Fwp%2Fv2%2Fcomments&post=126"}],"version-history":[{"count":7,"href":"https:\/\/edumolina.es\/index.php?rest_route=\/wp\/v2\/pages\/126\/revisions"}],"predecessor-version":[{"id":134,"href":"https:\/\/edumolina.es\/index.php?rest_route=\/wp\/v2\/pages\/126\/revisions\/134"}],"wp:attachment":[{"href":"https:\/\/edumolina.es\/index.php?rest_route=%2Fwp%2Fv2%2Fmedia&parent=126"}],"curies":[{"name":"wp","href":"https:\/\/api.w.org\/{rel}","templated":true}]}}